{"id":8,"date":"2021-05-10T13:29:34","date_gmt":"2021-05-10T10:29:34","guid":{"rendered":"https:\/\/adabeachkas.com\/?page_id=8"},"modified":"2021-05-19T11:55:07","modified_gmt":"2021-05-19T08:55:07","slug":"bize-ulasin","status":"publish","type":"page","link":"https:\/\/adabeachkas.com\/index.php\/bize-ulasin\/","title":{"rendered":"Bize ula\u015f\u0131n"},"content":{"rendered":"\r\n<p><strong>Rezervasyon i\u00e7in:<\/strong><\/p>\r\n<p><strong>Telefon:\u00a0<\/strong><\/p>\r\n<p><a href=\"tel:\/\/+905326359010\">+90 532 635 90 10<\/a><br \/><a href=\"tel:\/\/+905333558944\">+90 533 355 89 44<\/a><\/p>\r\n<p><strong>E-posta:\u00a0<\/strong><\/p>\r\n<p><a href=\"mailto:adabeachkas@hotmail.com\">adabeachkas@hotmail.com<\/a><\/p>\r\n<p>&nbsp;<\/p>\r\n<p><strong>Ada Beach &amp; Bungalow<\/strong><\/p>\r\n<p>Andifli Mah., B\u00fcy\u00fck \u00c7ak\u0131l Cad. No:2, 07580 Ka\u015f\/Antalya<\/p>\r\n<p><iframe loading=\"lazy\" style=\"border: 0;\" src=\"https:\/\/www.google.com\/maps\/embed?pb=!1m18!1m12!1m3!1d2868.7095980032027!2d29.65249276861184!3d36.190451472512684!2m3!1f0!2f0!3f0!3m2!1i1024!2i768!4f13.1!3m3!1m2!1s0x14c1da50af1e759f%3A0xcf91719a9ca8d4e1!2sAda%20Beach%20Restaurant!5e0!3m2!1str!2str!4v1620652603326!5m2!1str!2str\" width=\"600\" height=\"450\" allowfullscreen=\"allowfullscreen\"><\/iframe><\/p>\r\n<p><strong>Ada Beach Villa<\/strong><\/p>\r\n<div>Andifli Mah. B\u00fcy\u00fck \u00c7ak\u0131l Cad. No:21\/11, 07580 Ka\u015f\/Antalya<br \/><br \/><\/div>\r\n<p><iframe loading=\"lazy\" style=\"border: 0;\" src=\"https:\/\/www.google.com\/maps\/embed?pb=!1m18!1m12!1m3!1d3220.151239428362!2d29.650563414621!3d36.187203509664876!2m3!1f0!2f0!3f0!3m2!1i1024!2i768!4f13.1!3m3!1m2!1s0x14c1db273610a295%3A0x4c3f11bf48f46163!2sAda%20Beach%20Apart%20%26%20Bungalow!5e0!3m2!1str!2str!4v1620654254352!5m2!1str!2str\" width=\"600\" height=\"450\" allowfullscreen=\"allowfullscreen\"><\/iframe><\/p>\r\n<p>&nbsp;<\/p>\r\n","protected":false},"excerpt":{"rendered":"<p>Rezervasyon i\u00e7in: Telefon:\u00a0 +90 532 635 90 10+90 533 355 89 44 E-posta:\u00a0 adabeachkas@hotmail.com &nbsp; Ada Beach &amp; Bungalow Andifli Mah., B\u00fcy\u00fck \u00c7ak\u0131l Cad. No:2, 07580 Ka\u015f\/Antalya Ada Beach Villa Andifli Mah. B\u00fcy\u00fck \u00c7ak\u0131l Cad. No:21\/11, 07580 Ka\u015f\/Antalya &nbsp;<\/p>\n","protected":false},"author":1,"featured_media":0,"parent":0,"menu_order":0,"comment_status":"closed","ping_status":"closed","template":"","meta":{"_mi_skip_tracking":false,"_monsterinsights_sitenote_active":false,"_monsterinsights_sitenote_note":"","_monsterinsights_sitenote_category":0},"_links":{"self":[{"href":"https:\/\/adabeachkas.com\/index.php\/wp-json\/wp\/v2\/pages\/8"}],"collection":[{"href":"https:\/\/adabeachkas.com\/index.php\/wp-json\/wp\/v2\/pages"}],"about":[{"href":"https:\/\/adabeachkas.com\/index.php\/wp-json\/wp\/v2\/types\/page"}],"author":[{"embeddable":true,"href":"https:\/\/adabeachkas.com\/index.php\/wp-json\/wp\/v2\/users\/1"}],"replies":[{"embeddable":true,"href":"https:\/\/adabeachkas.com\/index.php\/wp-json\/wp\/v2\/comments?post=8"}],"version-history":[{"count":17,"href":"https:\/\/adabeachkas.com\/index.php\/wp-json\/wp\/v2\/pages\/8\/revisions"}],"predecessor-version":[{"id":211,"href":"https:\/\/adabeachkas.com\/index.php\/wp-json\/wp\/v2\/pages\/8\/revisions\/211"}],"wp:attachment":[{"href":"https:\/\/adabeachkas.com\/index.php\/wp-json\/wp\/v2\/media?parent=8"}],"curies":[{"name":"wp","href":"https:\/\/api.w.org\/{rel}","templated":true}]}}