{"id":55,"date":"2021-05-10T16:31:16","date_gmt":"2021-05-10T13:31:16","guid":{"rendered":"https:\/\/adabeachkas.com\/?page_id=55"},"modified":"2022-06-22T15:11:09","modified_gmt":"2022-06-22T12:11:09","slug":"villa","status":"publish","type":"page","link":"https:\/\/adabeachkas.com\/index.php\/villa\/","title":{"rendered":"Villa Ada Beach"},"content":{"rendered":"<h2>Villa Ada Beach<\/h2>\n<p>Villa Ada Beach, deniz manzaral\u0131 her katta 1 adet 2+1 daire olmak \u00fczere 3 adet daireden olu\u015fan, \u00f6zel havuzlu, geni\u015f bah\u00e7eli, bah\u00e7esinde verandal\u0131 toplamda 12 ki\u015finin rahat\u00e7a konaklayabildi\u011fi bir villad\u0131r.<\/p>\n<style id=\"bwg-style-0\">    #bwg_container1_0 #bwg_container2_0 .bwg-container-0.bwg-standard-thumbnails {      width: 1254px;              justify-content: center;        margin:0 auto !important;              background-color: rgba(255, 255, 255, 0.00);            padding-left: 4px;      padding-top: 4px;      max-width: 100%;            }        #bwg_container1_0 #bwg_container2_0 .bwg-container-0.bwg-standard-thumbnails .bwg-item {      justify-content: flex-start;      max-width: 250px;          }    #bwg_container1_0 #bwg_container2_0 .bwg-container-0.bwg-standard-thumbnails .bwg-item > a {       margin-right: 4px;       margin-bottom: 4px;    }    #bwg_container1_0 #bwg_container2_0 .bwg-container-0.bwg-standard-thumbnails .bwg-item0 {      padding: 0px;            background-color:rgba(0,0,0, 0.30);      border: 0px none #CCCCCC;      opacity: 1.00;      border-radius: 0;      box-shadow: ;    }    #bwg_container1_0 #bwg_container2_0 .bwg-container-0.bwg-standard-thumbnails .bwg-item1 img {      max-height: none;      max-width: none;      padding: 0 !important;    }         @media only screen and (min-width: 480px) {\t\t#bwg_container1_0 #bwg_container2_0 .bwg-container-0.bwg-standard-thumbnails .bwg-item1 img {\t\t\t-webkit-transition: all .3s; transition: all .3s;\t\t}\t\t#bwg_container1_0 #bwg_container2_0 .bwg-container-0.bwg-standard-thumbnails .bwg-item1 img:hover {\t\t\t-ms-transform: scale(1.08);\t\t\t-webkit-transform: scale(1.08);\t\t\ttransform: scale(1.08);\t\t}\t\t      }\t    #bwg_container1_0 #bwg_container2_0 .bwg-container-0.bwg-standard-thumbnails .bwg-item1 {      padding-top: 56%;    }        #bwg_container1_0 #bwg_container2_0 .bwg-container-0.bwg-standard-thumbnails .bwg-title2,    #bwg_container1_0 #bwg_container2_0 .bwg-container-0.bwg-standard-thumbnails .bwg-ecommerce2 {      color: #323A45;      font-family: Ubuntu;      font-size: 16px;      font-weight: bold;      padding: 2px;      text-shadow: ;      max-height: 100%;    }    #bwg_container1_0 #bwg_container2_0 .bwg-container-0.bwg-standard-thumbnails .bwg-thumb-description span {    color: #323A45;    font-family: Ubuntu;    font-size: 12px;    max-height: 100%;    word-wrap: break-word;    }    #bwg_container1_0 #bwg_container2_0 .bwg-container-0.bwg-standard-thumbnails .bwg-play-icon2 {      font-size: 32px;    }    #bwg_container1_0 #bwg_container2_0 .bwg-container-0.bwg-standard-thumbnails .bwg-ecommerce2 {      font-size: 19.2px;      color: #323A45;    }    <\/style>    <div id=\"bwg_container1_0\"         class=\"bwg_container bwg_thumbnail bwg_thumbnails\"         data-right-click-protection=\"0\"         data-bwg=\"0\"         data-gallery-type=\"thumbnails\"         data-current-url=\"https:\/\/adabeachkas.com\/index.php\/wp-json\/wp\/v2\/pages\/55\"         data-lightbox-url=\"https:\/\/adabeachkas.com\/wp-admin\/admin-ajax.php?action=GalleryBox&current_view=0&gallery_id=1&tag=0&theme_id=1&shortcode_id=4&sort_by=order&order_by=asc&current_url=https%3A%2F%2Fadabeachkas.com%2Findex.php%2Fwp-json%2Fwp%2Fv2%2Fpages%2F55\"         data-gallery-id=\"1\"         data-popup-width=\"800\"         data-popup-height=\"500\"         data-is-album=\"gallery\"         data-buttons-position=\"bottom\">      <div id=\"bwg_container2_0\">             <div id=\"ajax_loading_0\" class=\"bwg_loading_div_1\">      <div class=\"bwg_loading_div_2\">        <div class=\"bwg_loading_div_3\">          <div id=\"loading_div_0\" class=\"bwg_spider_ajax_loading\">          <\/div>        <\/div>      <\/div>    <\/div>            <form id=\"gal_front_form_0\"              class=\"bwg-hidden\"              method=\"post\"              action=\"#\"              data-current=\"0\"              data-shortcode-id=\"4\"              data-gallery-type=\"thumbnails\"              data-gallery-id=\"1\"              data-tag=\"0\"              data-album-id=\"0\"              data-theme-id=\"1\"              data-ajax-url=\"https:\/\/adabeachkas.com\/wp-admin\/admin-ajax.php?action=bwg_frontend_data\">          <div id=\"bwg_container3_0\" class=\"bwg-background bwg-background-0\">                <div data-max-count=\"5\"         data-thumbnail-width=\"250\"         data-bwg=\"0\"         data-gallery-id=\"1\"         data-lightbox-url=\"https:\/\/adabeachkas.com\/wp-admin\/admin-ajax.php?action=GalleryBox&current_view=0&gallery_id=1&tag=0&theme_id=1&shortcode_id=4&sort_by=order&order_by=asc&current_url=https%3A%2F%2Fadabeachkas.com%2Findex.php%2Fwp-json%2Fwp%2Fv2%2Fpages%2F55\"         id=\"bwg_thumbnails_0\"         class=\"bwg-container-0 bwg-thumbnails bwg-standard-thumbnails bwg-container bwg-border-box\">            <div class=\"bwg-item\">        <a class=\"bwg-a bwg_lightbox\"  data-image-id=\"164\" href=\"https:\/\/adabeachkas.com\/wp-content\/uploads\/photo-gallery\/imported_from_media_libray\/WhatsApp-Image-2024-05-26-at-13.25.54.jpeg?bwg=1717451499\" data-elementor-open-lightbox=\"no\" >                <div class=\"bwg-item0  lazy_loader \">          <div class=\"bwg-item1 \">            <div class=\"bwg-item2\">              <img class=\"skip-lazy bwg_standart_thumb_img_0  bwg_lazyload \"                   data-id=\"164\"                   data-width=\"500\"                   data-height=\"330\"                   data-original=\"https:\/\/adabeachkas.com\/wp-content\/uploads\/photo-gallery\/imported_from_media_libray\/thumb\/WhatsApp-Image-2024-05-26-at-13.25.54.jpeg?bwg=1717451499\"                   src=\"https:\/\/adabeachkas.com\/wp-content\/plugins\/photo-gallery\/images\/lazy_placeholder.gif\"                   alt=\"\" \/>            <\/div>            <div class=\"\">                                                      <\/div>          <\/div>        <\/div>                                <\/a>      <\/div>            <div class=\"bwg-item\">        <a class=\"bwg-a bwg_lightbox\"  data-image-id=\"163\" href=\"https:\/\/adabeachkas.com\/wp-content\/uploads\/photo-gallery\/imported_from_media_libray\/WhatsApp-Image-2024-05-26-at-13.25.53.jpeg?bwg=1717451499\" data-elementor-open-lightbox=\"no\" >                <div class=\"bwg-item0  lazy_loader \">          <div class=\"bwg-item1 \">            <div class=\"bwg-item2\">              <img class=\"skip-lazy bwg_standart_thumb_img_0  bwg_lazyload \"                   data-id=\"163\"                   data-width=\"500\"                   data-height=\"331\"                   data-original=\"https:\/\/adabeachkas.com\/wp-content\/uploads\/photo-gallery\/imported_from_media_libray\/thumb\/WhatsApp-Image-2024-05-26-at-13.25.53.jpeg?bwg=1717451499\"                   src=\"https:\/\/adabeachkas.com\/wp-content\/plugins\/photo-gallery\/images\/lazy_placeholder.gif\"                   alt=\"\" \/>            <\/div>            <div class=\"\">                                                      <\/div>          <\/div>        <\/div>                                <\/a>      <\/div>            <div class=\"bwg-item\">        <a class=\"bwg-a bwg_lightbox\"  data-image-id=\"162\" href=\"https:\/\/adabeachkas.com\/wp-content\/uploads\/photo-gallery\/imported_from_media_libray\/WhatsApp-Image-2024-05-26-at-13.25.53-1.jpeg?bwg=1717451499\" data-elementor-open-lightbox=\"no\" >                <div class=\"bwg-item0  lazy_loader \">          <div class=\"bwg-item1 \">            <div class=\"bwg-item2\">              <img class=\"skip-lazy bwg_standart_thumb_img_0  bwg_lazyload \"                   data-id=\"162\"                   data-width=\"500\"                   data-height=\"445\"                   data-original=\"https:\/\/adabeachkas.com\/wp-content\/uploads\/photo-gallery\/imported_from_media_libray\/thumb\/WhatsApp-Image-2024-05-26-at-13.25.53-1.jpeg?bwg=1717451499\"                   src=\"https:\/\/adabeachkas.com\/wp-content\/plugins\/photo-gallery\/images\/lazy_placeholder.gif\"                   alt=\"\" \/>            <\/div>            <div class=\"\">                                                      <\/div>          <\/div>        <\/div>                                <\/a>      <\/div>            <div class=\"bwg-item\">        <a class=\"bwg-a bwg_lightbox\"  data-image-id=\"161\" href=\"https:\/\/adabeachkas.com\/wp-content\/uploads\/photo-gallery\/imported_from_media_libray\/WhatsApp-Image-2024-05-26-at-13.25.52.jpeg?bwg=1717451499\" data-elementor-open-lightbox=\"no\" >                <div class=\"bwg-item0  lazy_loader \">          <div class=\"bwg-item1 \">            <div class=\"bwg-item2\">              <img class=\"skip-lazy bwg_standart_thumb_img_0  bwg_lazyload \"                   data-id=\"161\"                   data-width=\"500\"                   data-height=\"383\"                   data-original=\"https:\/\/adabeachkas.com\/wp-content\/uploads\/photo-gallery\/imported_from_media_libray\/thumb\/WhatsApp-Image-2024-05-26-at-13.25.52.jpeg?bwg=1717451499\"                   src=\"https:\/\/adabeachkas.com\/wp-content\/plugins\/photo-gallery\/images\/lazy_placeholder.gif\"                   alt=\"\" \/>            <\/div>            <div class=\"\">                                                      <\/div>          <\/div>        <\/div>                                <\/a>      <\/div>            <div class=\"bwg-item\">        <a class=\"bwg-a bwg_lightbox\"  data-image-id=\"160\" href=\"https:\/\/adabeachkas.com\/wp-content\/uploads\/photo-gallery\/imported_from_media_libray\/WhatsApp-Image-2024-05-26-at-13.25.52-1.jpeg?bwg=1717451499\" data-elementor-open-lightbox=\"no\" >                <div class=\"bwg-item0  lazy_loader \">          <div class=\"bwg-item1 \">            <div class=\"bwg-item2\">              <img class=\"skip-lazy bwg_standart_thumb_img_0  bwg_lazyload \"                   data-id=\"160\"                   data-width=\"500\"                   data-height=\"337\"                   data-original=\"https:\/\/adabeachkas.com\/wp-content\/uploads\/photo-gallery\/imported_from_media_libray\/thumb\/WhatsApp-Image-2024-05-26-at-13.25.52-1.jpeg?bwg=1717451499\"                   src=\"https:\/\/adabeachkas.com\/wp-content\/plugins\/photo-gallery\/images\/lazy_placeholder.gif\"                   alt=\"\" \/>            <\/div>            <div class=\"\">                                                      <\/div>          <\/div>        <\/div>                                <\/a>      <\/div>            <div class=\"bwg-item\">        <a class=\"bwg-a bwg_lightbox\"  data-image-id=\"159\" href=\"https:\/\/adabeachkas.com\/wp-content\/uploads\/photo-gallery\/imported_from_media_libray\/WhatsApp-Image-2024-05-26-at-13.25.51.jpeg?bwg=1717451499\" data-elementor-open-lightbox=\"no\" >                <div class=\"bwg-item0  lazy_loader \">          <div class=\"bwg-item1 \">            <div class=\"bwg-item2\">              <img class=\"skip-lazy bwg_standart_thumb_img_0  bwg_lazyload \"                   data-id=\"159\"                   data-width=\"500\"                   data-height=\"341\"                   data-original=\"https:\/\/adabeachkas.com\/wp-content\/uploads\/photo-gallery\/imported_from_media_libray\/thumb\/WhatsApp-Image-2024-05-26-at-13.25.51.jpeg?bwg=1717451499\"                   src=\"https:\/\/adabeachkas.com\/wp-content\/plugins\/photo-gallery\/images\/lazy_placeholder.gif\"                   alt=\"\" \/>            <\/div>            <div class=\"\">                                                      <\/div>          <\/div>        <\/div>                                <\/a>      <\/div>            <div class=\"bwg-item\">        <a class=\"bwg-a bwg_lightbox\"  data-image-id=\"158\" href=\"https:\/\/adabeachkas.com\/wp-content\/uploads\/photo-gallery\/imported_from_media_libray\/WhatsApp-Image-2024-05-26-at-13.25.51-1.jpeg?bwg=1717451499\" data-elementor-open-lightbox=\"no\" >                <div class=\"bwg-item0  lazy_loader \">          <div class=\"bwg-item1 \">            <div class=\"bwg-item2\">              <img class=\"skip-lazy bwg_standart_thumb_img_0  bwg_lazyload \"                   data-id=\"158\"                   data-width=\"500\"                   data-height=\"344\"                   data-original=\"https:\/\/adabeachkas.com\/wp-content\/uploads\/photo-gallery\/imported_from_media_libray\/thumb\/WhatsApp-Image-2024-05-26-at-13.25.51-1.jpeg?bwg=1717451499\"                   src=\"https:\/\/adabeachkas.com\/wp-content\/plugins\/photo-gallery\/images\/lazy_placeholder.gif\"                   alt=\"\" \/>            <\/div>            <div class=\"\">                                                      <\/div>          <\/div>        <\/div>                                <\/a>      <\/div>            <div class=\"bwg-item\">        <a class=\"bwg-a bwg_lightbox\"  data-image-id=\"157\" href=\"https:\/\/adabeachkas.com\/wp-content\/uploads\/photo-gallery\/imported_from_media_libray\/WhatsApp-Image-2024-05-26-at-13.25.50.jpeg?bwg=1717451499\" data-elementor-open-lightbox=\"no\" >                <div class=\"bwg-item0  lazy_loader \">          <div class=\"bwg-item1 \">            <div class=\"bwg-item2\">              <img class=\"skip-lazy bwg_standart_thumb_img_0  bwg_lazyload \"                   data-id=\"157\"                   data-width=\"500\"                   data-height=\"331\"                   data-original=\"https:\/\/adabeachkas.com\/wp-content\/uploads\/photo-gallery\/imported_from_media_libray\/thumb\/WhatsApp-Image-2024-05-26-at-13.25.50.jpeg?bwg=1717451499\"                   src=\"https:\/\/adabeachkas.com\/wp-content\/plugins\/photo-gallery\/images\/lazy_placeholder.gif\"                   alt=\"\" \/>            <\/div>            <div class=\"\">                                                      <\/div>          <\/div>        <\/div>                                <\/a>      <\/div>          <\/div>    <style>      \/*pagination styles*\/      #bwg_container1_0 #bwg_container2_0 .tablenav-pages_0 {      text-align: center;      font-size: 12px;      font-family: Ubuntu;      font-weight: bold;      color: #666666;      margin: 6px 0 4px;      display: block;      }      @media only screen and (max-width : 320px) {      #bwg_container1_0 #bwg_container2_0 .displaying-num_0 {      display: none;      }      }      #bwg_container1_0 #bwg_container2_0 .displaying-num_0 {      font-size: 12px;      font-family: Ubuntu;      font-weight: bold;      color: #666666;      margin-right: 10px;      vertical-align: middle;      }      #bwg_container1_0 #bwg_container2_0 .paging-input_0 {      font-size: 12px;      font-family: Ubuntu;      font-weight: bold;      color: #666666;      vertical-align: middle;      }      #bwg_container1_0 #bwg_container2_0 .tablenav-pages_0 a.disabled,      #bwg_container1_0 #bwg_container2_0 .tablenav-pages_0 a.disabled:hover,      #bwg_container1_0 #bwg_container2_0 .tablenav-pages_0 a.disabled:focus,\t\t\t#bwg_container1_0 #bwg_container2_0 .tablenav-pages_0 input.bwg_current_page {      cursor: default;      color: rgba(102, 102, 102, 0.5);      }      #bwg_container1_0 #bwg_container2_0 .tablenav-pages_0 a,      #bwg_container1_0 #bwg_container2_0 .tablenav-pages_0 input.bwg_current_page {      cursor: pointer;\t\t\t\ttext-align: center;      font-size: 12px;      font-family: Ubuntu;      font-weight: bold;      color: #666666;      text-decoration: none;      padding: 3px 6px;      margin: 0;      border-radius: 0;      border-style: solid;      border-width: 1px;      border-color: #E3E3E3;      background-color: #FFFFFF;      opacity: 1.00;      box-shadow: 0;      transition: all 0.3s ease 0s;-webkit-transition: all 0.3s ease 0s;      }      <\/style>      <span class=\"bwg_nav_cont_0\">              <div class=\"tablenav-pages_0\">                      <span class=\"pagination-links_0 pagination-links\" data-pages-count=\"12\">              <span class=\"pagination-links_col1\">              <a class=\"bwg-a first-page disabled\" title=\"\u0130lk sayfaya git\" >\u00ab<\/a>              <a class=\"bwg-a prev-page disabled\" title=\"\u00d6nceki sayfaya git\" >\u2039<\/a>              <\/span>               <span class=\"pagination-links_col2\">\t\t\t\t\t\t\t\t\t<input type=\"number\" class=\"bwg_current_page\" name=\"bwg_current_page\" value=\"1\" data-url-info=\"page_number_0\" onkeypress=\"return bwg_change_page_0(event, this)\" min=\"1\" oninput=\"validity.valid||(value='')\" \/>\t\t\t\t\t\t\t\t\t\taras\u0131nda                <span class=\"total-pages_0\">                  12                <\/span>               <\/span>              <span class=\"pagination-links_col3\">                <a class=\"bwg-a next-page-0\" title=\"Bir sonraki sayfaya gitmek\" href=\"\/index.php\/wp-json\/wp\/v2\/pages\/55?page_number_0=2\">\u203a<\/a>                <a class=\"bwg-a last-page-0\" title=\"Son sayfaya gidin\" href=\"\/index.php\/wp-json\/wp\/v2\/pages\/55?page_number_0=12\">\u00bb<\/a>              <\/span>              <\/span>                    <\/div>                <input type=\"hidden\" id=\"page_number_0\" name=\"page_number_0\" value=\"1\" \/>      <script type=\"text\/javascript\">        function spider_page_0(cur, x, y, load_more) {          if (typeof load_more == \"undefined\") {            var load_more = false;          }          if (jQuery(cur).hasClass('disabled')) {            return false;          }          var items_county_0 = 12;          switch (y) {            case 1:              if (x >= items_county_0) {                document.getElementById('page_number_0').value = items_county_0;              }              else {                document.getElementById('page_number_0').value = x + 1;              }              break;            case 2:              document.getElementById('page_number_0').value = items_county_0;              break;            case -1:              if (x == 1) {                document.getElementById('page_number_0').value = 1;              }              else {                document.getElementById('page_number_0').value = x - 1;              }              break;            case -2:              document.getElementById('page_number_0').value = 1;              break;\t\t\t\t\t\tcase 0:              document.getElementById('page_number_0').value = x;              break;            default:              document.getElementById('page_number_0').value = 1;          }          bwg_ajax('gal_front_form_0', '0', 'bwg_thumbnails_0', '0', '', 'gallery', 0, '', '', load_more, '', 1);        }                    jQuery('.first-page disabled').on('click', function () {              spider_page_0(this, 1, -2, 'numeric');              return false;            });            jQuery('.prev-page disabled').on('click', function () {              spider_page_0(this, 1, -1, 'numeric');              return false;            });            jQuery('.next-page-0').on('click', function () {              spider_page_0(this, 1, 1, 'numeric');              return false;            });            jQuery('.last-page-0').on('click', function () {              spider_page_0(this, 1, 2, 'numeric');              return false;            });        \t\t\t\t\/* Change page on input enter. *\/        function bwg_change_page_0( e, that ) {          if (  e.key == 'Enter' ) {            var to_page = parseInt(jQuery(that).val());            var pages_count = jQuery(that).parents(\".pagination-links\").data(\"pages-count\");            var current_url_param = jQuery(that).attr('data-url-info');            if (to_page > pages_count) {              to_page = 1;            }\t \t\t\t\t\t\t\t\t\t\t\t\tspider_page_0(this, to_page, 0, 'numeric');\t\t\t\t\t\t\treturn false;\t\t\t\t\t\t          }          return true;        }        jQuery('.bwg_load_btn_0').on('click', function () {            spider_page_0(this, 1, 1, true);            return false;        });      <\/script>      <\/span>                <\/div>        <\/form>          <style>          #bwg_container1_0 #bwg_container2_0 #spider_popup_overlay_0 {          background-color: #EEEEEE;          opacity: 0.60;          }          <\/style>        <div id=\"bwg_spider_popup_loading_0\" class=\"bwg_spider_popup_loading\"><\/div>        <div id=\"spider_popup_overlay_0\" class=\"spider_popup_overlay\" onclick=\"spider_destroypopup(1000)\"><\/div>        <input type=\"hidden\" id=\"bwg_random_seed_0\" value=\"113031295\">                <\/div>    <\/div>    <script>      if (document.readyState === 'complete') {        if( typeof bwg_main_ready == 'function' ) {          if ( jQuery(\"#bwg_container1_0\").height() ) {            bwg_main_ready(jQuery(\"#bwg_container1_0\"));          }        }      } else {        document.addEventListener('DOMContentLoaded', function() {          if( typeof bwg_main_ready == 'function' ) {            if ( jQuery(\"#bwg_container1_0\").height() ) {             bwg_main_ready(jQuery(\"#bwg_container1_0\"));            }          }        });      }    <\/script>    \n<h4>Havuz Alan\u0131<\/h4>\n<p>Villa Ada Beach, geni\u015f havuzu ve havuz ba\u015f\u0131 ekipmanlar\u0131 ile siz misafirlerimizin konforlu bir havuz deneyimi ya\u015famas\u0131 i\u00e7in tasarlanm\u0131\u015ft\u0131r.<\/p>\n<p>Detaylar\u0131: 10 adet \u015fezlong, 6 adet \u015femsiye, Yemek masas\u0131.<\/p>\n<h4>Mutfak<\/h4>\n<p>Villa Ada Beach\u2019in her kat\u0131na \u00f6zel bir mutfa\u011f\u0131 bulunmaktad\u0131r. Amerikan Mutfak tarz\u0131yla haz\u0131rlanan mutfaklar\u0131m\u0131z, ihtiyac\u0131n\u0131z\u0131 kar\u015f\u0131layacak niteliktedir.<\/p>\n<p>Detaylar\u0131: Buzdolab\u0131, bula\u015f\u0131k makinesi, Mutfak malzemeleri, Ocak, Su \u0131s\u0131t\u0131c\u0131, F\u0131r\u0131n<\/p>\n<h4>Salon<\/h4>\n<p>Rengarenk dekorasyonu ile Ada Beach salonlar\u0131, geni\u015f balkonlar\u0131 ile g\u00fcn\u00fcn her saatine uygun kullan\u0131m alanlar\u0131na sahiptir.<\/p>\n<p>Detaylar\u0131: Oturma grubu, sehpa, televizyon, tv \u00fcnitesi, yemek masas\u0131, balkon masa tak\u0131m\u0131<\/p>\n<h4>Yatak Odalar\u0131<\/h4>\n<p><strong>1.Yatak Odas\u0131:<\/strong>\u00a0Suit, Aile Yatak Odas\u0131 (Her Kat \u0130\u00e7in Ayn\u0131)<\/p>\n<p>Detaylar\u0131 : \u00c7ift ki\u015filik yatak, Komodin, Klima, Elbise dolab\u0131, Makyaj masas\u0131, Ayna, Banyo ve Havuz teras\u0131na bakan balkon bulunmaktad\u0131r.<\/p>\n<p><strong>2.Yatak Odas\u0131:<\/strong>\u00a0Suit, Gen\u00e7 Yatak Odas\u0131 (Her Kat \u0130\u00e7in Ayn\u0131)<\/p>\n<p>Detaylar\u0131 : 2 Adet tek ki\u015filik yatak, Komodin, Klima, Elbise dolab\u0131, Makyaj masas\u0131, Banyo ve Balkona \u00e7\u0131k\u0131\u015f bulunmaktad\u0131r.<\/p>\n<h3>Villa Extralar\u0131<\/h3>\n<p>Ada Beach bah\u00e7esinde, havuz ba\u015f\u0131 keyfinin yan\u0131nda 12 ki\u015finin rahat\u00e7a kullanabilece\u011fi bir \u00e7ardak\u00a0 bulunmaktad\u0131r. \u00c7ardak i\u00e7erisinde ah\u015fap sedir ve masa sandalyeleri ile barbek\u00fc, evye ve tezgah bulunmaktad\u0131r.<\/p>\n<p>Villa Ada Beach hakk\u0131nda daha detayl\u0131 bilgi almak ve rezervasyon yapmak i\u00e7in hemen rezervasyon yapabilir ya da bizi\u00a0<a href=\"tel:\/\/+905326359010\">arayabilirsiniz<\/a>.<\/p>\n<p>Havuz \u00d6l\u00e7\u00fcleri : 3.60 cm x 7.60 cm Derinlik 1.60 cm<\/p>\n<h3>\u0130leti\u015fim &amp; Rezervasyon:<\/h3>\n<p><a href=\"tel:\/\/+905326359010\">+90 532 635 90 10<\/a><br \/>\n<a href=\"tel:\/\/+905333558944\">+90 533 355 89 44<\/a><\/p>\n<p><iframe loading=\"lazy\" style=\"border: 0;\" src=\"https:\/\/www.google.com\/maps\/embed?pb=!1m18!1m12!1m3!1d15319.058745019589!2d29.659431919850302!3d36.180293221086515!2m3!1f0!2f0!3f0!3m2!1i1024!2i768!4f13.1!3m3!1m2!1s0x0%3A0x4c3f11bf48f46163!2sAda%20Beach%20Apart%20%26%20Bungalow!5e0!3m2!1str!2str!4v1620751896022!5m2!1str!2str\" width=\"800\" height=\"600\" allowfullscreen=\"allowfullscreen\"><\/iframe><\/p>\n","protected":false},"excerpt":{"rendered":"<p>Villa Ada Beach Villa Ada Beach, deniz manzaral\u0131 her katta 1 adet 2+1 daire olmak \u00fczere 3 adet daireden olu\u015fan, \u00f6zel havuzlu, geni\u015f bah\u00e7eli, bah\u00e7esinde verandal\u0131 toplamda 12 ki\u015finin rahat\u00e7a konaklayabildi\u011fi bir villad\u0131r. Havuz Alan\u0131 Villa Ada Beach, geni\u015f havuzu ve havuz ba\u015f\u0131 ekipmanlar\u0131 ile siz misafirlerimizin konforlu bir havuz deneyimi ya\u015famas\u0131 i\u00e7in tasarlanm\u0131\u015ft\u0131r. Detaylar\u0131: &hellip; <\/p>\n<p class=\"link-more\"><a href=\"https:\/\/adabeachkas.com\/index.php\/villa\/\" class=\"more-link\">Read more<span class=\"screen-reader-text\"> &#8220;Villa Ada Beach&#8221;<\/span><\/a><\/p>\n","protected":false},"author":1,"featured_media":0,"parent":0,"menu_order":0,"comment_status":"closed","ping_status":"closed","template":"","meta":{"_mi_skip_tracking":false,"_monsterinsights_sitenote_active":false,"_monsterinsights_sitenote_note":"","_monsterinsights_sitenote_category":0},"_links":{"self":[{"href":"https:\/\/adabeachkas.com\/index.php\/wp-json\/wp\/v2\/pages\/55"}],"collection":[{"href":"https:\/\/adabeachkas.com\/index.php\/wp-json\/wp\/v2\/pages"}],"about":[{"href":"https:\/\/adabeachkas.com\/index.php\/wp-json\/wp\/v2\/types\/page"}],"author":[{"embeddable":true,"href":"https:\/\/adabeachkas.com\/index.php\/wp-json\/wp\/v2\/users\/1"}],"replies":[{"embeddable":true,"href":"https:\/\/adabeachkas.com\/index.php\/wp-json\/wp\/v2\/comments?post=55"}],"version-history":[{"count":13,"href":"https:\/\/adabeachkas.com\/index.php\/wp-json\/wp\/v2\/pages\/55\/revisions"}],"predecessor-version":[{"id":287,"href":"https:\/\/adabeachkas.com\/index.php\/wp-json\/wp\/v2\/pages\/55\/revisions\/287"}],"wp:attachment":[{"href":"https:\/\/adabeachkas.com\/index.php\/wp-json\/wp\/v2\/media?parent=55"}],"curies":[{"name":"wp","href":"https:\/\/api.w.org\/{rel}","templated":true}]}}