{"id":282,"date":"2022-06-22T15:04:13","date_gmt":"2022-06-22T12:04:13","guid":{"rendered":"https:\/\/adabeachkas.com\/?page_id=282"},"modified":"2022-06-23T20:39:44","modified_gmt":"2022-06-23T17:39:44","slug":"villa-dunyam","status":"publish","type":"page","link":"https:\/\/adabeachkas.com\/index.php\/villa-dunyam\/","title":{"rendered":"Villa D\u00fcnyam"},"content":{"rendered":"<h2>Villa D\u00fcnyam<\/h2>\n<p>Villa D\u00fcnyam, en kaliteli malzemelerle dizayn edilmi\u015f, size \u00f6zel havuzu ve kapal\u0131 s\u0131cak havuzu, havuz ba\u015f\u0131nda barbek\u00fcs\u00fc, saunas\u0131 ve jakuzisi ile balay\u0131 \u00e7iftlerine de hitap eden 2 katl\u0131 bir l\u00fcks villad\u0131r.<\/p>\n<style id=\"bwg-style-0\">    #bwg_container1_0 #bwg_container2_0 .bwg-container-0.bwg-standard-thumbnails {      width: 1254px;              justify-content: center;        margin:0 auto !important;              background-color: rgba(255, 255, 255, 0.00);            padding-left: 4px;      padding-top: 4px;      max-width: 100%;            }        #bwg_container1_0 #bwg_container2_0 .bwg-container-0.bwg-standard-thumbnails .bwg-item {      justify-content: flex-start;      max-width: 250px;          }    #bwg_container1_0 #bwg_container2_0 .bwg-container-0.bwg-standard-thumbnails .bwg-item > a {       margin-right: 4px;       margin-bottom: 4px;    }    #bwg_container1_0 #bwg_container2_0 .bwg-container-0.bwg-standard-thumbnails .bwg-item0 {      padding: 0px;            background-color:rgba(0,0,0, 0.30);      border: 0px none #CCCCCC;      opacity: 1.00;      border-radius: 0;      box-shadow: ;    }    #bwg_container1_0 #bwg_container2_0 .bwg-container-0.bwg-standard-thumbnails .bwg-item1 img {      max-height: none;      max-width: none;      padding: 0 !important;    }         @media only screen and (min-width: 480px) {\t\t#bwg_container1_0 #bwg_container2_0 .bwg-container-0.bwg-standard-thumbnails .bwg-item1 img {\t\t\t-webkit-transition: all .3s; transition: all .3s;\t\t}\t\t#bwg_container1_0 #bwg_container2_0 .bwg-container-0.bwg-standard-thumbnails .bwg-item1 img:hover {\t\t\t-ms-transform: scale(1.08);\t\t\t-webkit-transform: scale(1.08);\t\t\ttransform: scale(1.08);\t\t}\t\t      }\t    #bwg_container1_0 #bwg_container2_0 .bwg-container-0.bwg-standard-thumbnails .bwg-item1 {      padding-top: 56%;    }        #bwg_container1_0 #bwg_container2_0 .bwg-container-0.bwg-standard-thumbnails .bwg-title2,    #bwg_container1_0 #bwg_container2_0 .bwg-container-0.bwg-standard-thumbnails .bwg-ecommerce2 {      color: #323A45;      font-family: Ubuntu;      font-size: 16px;      font-weight: bold;      padding: 2px;      text-shadow: ;      max-height: 100%;    }    #bwg_container1_0 #bwg_container2_0 .bwg-container-0.bwg-standard-thumbnails .bwg-thumb-description span {    color: #323A45;    font-family: Ubuntu;    font-size: 12px;    max-height: 100%;    word-wrap: break-word;    }    #bwg_container1_0 #bwg_container2_0 .bwg-container-0.bwg-standard-thumbnails .bwg-play-icon2 {      font-size: 32px;    }    #bwg_container1_0 #bwg_container2_0 .bwg-container-0.bwg-standard-thumbnails .bwg-ecommerce2 {      font-size: 19.2px;      color: #323A45;    }    <\/style>    <div id=\"bwg_container1_0\"         class=\"bwg_container bwg_thumbnail bwg_thumbnails\"         data-right-click-protection=\"0\"         data-bwg=\"0\"         data-gallery-type=\"thumbnails\"         data-current-url=\"https:\/\/adabeachkas.com\/index.php\/wp-json\/wp\/v2\/pages\/282\"         data-lightbox-url=\"https:\/\/adabeachkas.com\/wp-admin\/admin-ajax.php?action=GalleryBox&current_view=0&gallery_id=3&tag=0&theme_id=1&shortcode_id=66&sort_by=order&order_by=asc&current_url=https%3A%2F%2Fadabeachkas.com%2Findex.php%2Fwp-json%2Fwp%2Fv2%2Fpages%2F282\"         data-gallery-id=\"3\"         data-popup-width=\"800\"         data-popup-height=\"500\"         data-is-album=\"gallery\"         data-buttons-position=\"bottom\">      <div id=\"bwg_container2_0\">             <div id=\"ajax_loading_0\" class=\"bwg_loading_div_1\">      <div class=\"bwg_loading_div_2\">        <div class=\"bwg_loading_div_3\">          <div id=\"loading_div_0\" class=\"bwg_spider_ajax_loading\">          <\/div>        <\/div>      <\/div>    <\/div>            <form id=\"gal_front_form_0\"              class=\"bwg-hidden\"              method=\"post\"              action=\"#\"              data-current=\"0\"              data-shortcode-id=\"66\"              data-gallery-type=\"thumbnails\"              data-gallery-id=\"3\"              data-tag=\"0\"              data-album-id=\"0\"              data-theme-id=\"1\"              data-ajax-url=\"https:\/\/adabeachkas.com\/wp-admin\/admin-ajax.php?action=bwg_frontend_data\">          <div id=\"bwg_container3_0\" class=\"bwg-background bwg-background-0\">                <div data-max-count=\"5\"         data-thumbnail-width=\"250\"         data-bwg=\"0\"         data-gallery-id=\"3\"         data-lightbox-url=\"https:\/\/adabeachkas.com\/wp-admin\/admin-ajax.php?action=GalleryBox&current_view=0&gallery_id=3&tag=0&theme_id=1&shortcode_id=66&sort_by=order&order_by=asc&current_url=https%3A%2F%2Fadabeachkas.com%2Findex.php%2Fwp-json%2Fwp%2Fv2%2Fpages%2F282\"         id=\"bwg_thumbnails_0\"         class=\"bwg-container-0 bwg-thumbnails bwg-standard-thumbnails bwg-container bwg-border-box\">            <div class=\"bwg-item\">        <a class=\"bwg-a bwg_lightbox\"  data-image-id=\"70\" href=\"https:\/\/adabeachkas.com\/wp-content\/uploads\/photo-gallery\/ER0A5811.jpg?bwg=1655903437\" data-elementor-open-lightbox=\"no\" >                <div class=\"bwg-item0  lazy_loader \">          <div class=\"bwg-item1 \">            <div class=\"bwg-item2\">              <img class=\"skip-lazy bwg_standart_thumb_img_0  bwg_lazyload \"                   data-id=\"70\"                   data-width=\"500\"                   data-height=\"333\"                   data-original=\"https:\/\/adabeachkas.com\/wp-content\/uploads\/photo-gallery\/thumb\/ER0A5811.jpg?bwg=1655903437\"                   src=\"https:\/\/adabeachkas.com\/wp-content\/plugins\/photo-gallery\/images\/lazy_placeholder.gif\"                   alt=\"\" \/>            <\/div>            <div class=\"\">                                                      <\/div>          <\/div>        <\/div>                                <\/a>      <\/div>            <div class=\"bwg-item\">        <a class=\"bwg-a bwg_lightbox\"  data-image-id=\"69\" href=\"https:\/\/adabeachkas.com\/wp-content\/uploads\/photo-gallery\/ER0A5812.jpg?bwg=1655903432\" data-elementor-open-lightbox=\"no\" >                <div class=\"bwg-item0  lazy_loader \">          <div class=\"bwg-item1 \">            <div class=\"bwg-item2\">              <img class=\"skip-lazy bwg_standart_thumb_img_0  bwg_lazyload \"                   data-id=\"69\"                   data-width=\"500\"                   data-height=\"333\"                   data-original=\"https:\/\/adabeachkas.com\/wp-content\/uploads\/photo-gallery\/thumb\/ER0A5812.jpg?bwg=1655903432\"                   src=\"https:\/\/adabeachkas.com\/wp-content\/plugins\/photo-gallery\/images\/lazy_placeholder.gif\"                   alt=\"\" \/>            <\/div>            <div class=\"\">                                                      <\/div>          <\/div>        <\/div>                                <\/a>      <\/div>            <div class=\"bwg-item\">        <a class=\"bwg-a bwg_lightbox\"  data-image-id=\"73\" href=\"https:\/\/adabeachkas.com\/wp-content\/uploads\/photo-gallery\/ER0A5805.jpg?bwg=1655903450\" data-elementor-open-lightbox=\"no\" >                <div class=\"bwg-item0  lazy_loader \">          <div class=\"bwg-item1 \">            <div class=\"bwg-item2\">              <img class=\"skip-lazy bwg_standart_thumb_img_0  bwg_lazyload \"                   data-id=\"73\"                   data-width=\"500\"                   data-height=\"333\"                   data-original=\"https:\/\/adabeachkas.com\/wp-content\/uploads\/photo-gallery\/thumb\/ER0A5805.jpg?bwg=1655903450\"                   src=\"https:\/\/adabeachkas.com\/wp-content\/plugins\/photo-gallery\/images\/lazy_placeholder.gif\"                   alt=\"\" \/>            <\/div>            <div class=\"\">                                                      <\/div>          <\/div>        <\/div>                                <\/a>      <\/div>            <div class=\"bwg-item\">        <a class=\"bwg-a bwg_lightbox\"  data-image-id=\"74\" href=\"https:\/\/adabeachkas.com\/wp-content\/uploads\/photo-gallery\/ER0A5804.jpg?bwg=1655903455\" data-elementor-open-lightbox=\"no\" >                <div class=\"bwg-item0  lazy_loader \">          <div class=\"bwg-item1 \">            <div class=\"bwg-item2\">              <img class=\"skip-lazy bwg_standart_thumb_img_0  bwg_lazyload \"                   data-id=\"74\"                   data-width=\"500\"                   data-height=\"324\"                   data-original=\"https:\/\/adabeachkas.com\/wp-content\/uploads\/photo-gallery\/thumb\/ER0A5804.jpg?bwg=1655903455\"                   src=\"https:\/\/adabeachkas.com\/wp-content\/plugins\/photo-gallery\/images\/lazy_placeholder.gif\"                   alt=\"\" \/>            <\/div>            <div class=\"\">                                                      <\/div>          <\/div>        <\/div>                                <\/a>      <\/div>            <div class=\"bwg-item\">        <a class=\"bwg-a bwg_lightbox\"  data-image-id=\"76\" href=\"https:\/\/adabeachkas.com\/wp-content\/uploads\/photo-gallery\/ER0A5806.jpg?bwg=1655903464\" data-elementor-open-lightbox=\"no\" >                <div class=\"bwg-item0  lazy_loader \">          <div class=\"bwg-item1 \">            <div class=\"bwg-item2\">              <img class=\"skip-lazy bwg_standart_thumb_img_0  bwg_lazyload \"                   data-id=\"76\"                   data-width=\"500\"                   data-height=\"333\"                   data-original=\"https:\/\/adabeachkas.com\/wp-content\/uploads\/photo-gallery\/thumb\/ER0A5806.jpg?bwg=1655903464\"                   src=\"https:\/\/adabeachkas.com\/wp-content\/plugins\/photo-gallery\/images\/lazy_placeholder.gif\"                   alt=\"\" \/>            <\/div>            <div class=\"\">                                                      <\/div>          <\/div>        <\/div>                                <\/a>      <\/div>            <div class=\"bwg-item\">        <a class=\"bwg-a bwg_lightbox\"  data-image-id=\"78\" href=\"https:\/\/adabeachkas.com\/wp-content\/uploads\/photo-gallery\/ER0A5783.jpg?bwg=1655903671\" data-elementor-open-lightbox=\"no\" >                <div class=\"bwg-item0  lazy_loader \">          <div class=\"bwg-item1 \">            <div class=\"bwg-item2\">              <img class=\"skip-lazy bwg_standart_thumb_img_0  bwg_lazyload \"                   data-id=\"78\"                   data-width=\"500\"                   data-height=\"333\"                   data-original=\"https:\/\/adabeachkas.com\/wp-content\/uploads\/photo-gallery\/thumb\/ER0A5783.jpg?bwg=1655903671\"                   src=\"https:\/\/adabeachkas.com\/wp-content\/plugins\/photo-gallery\/images\/lazy_placeholder.gif\"                   alt=\"\" \/>            <\/div>            <div class=\"\">                                                      <\/div>          <\/div>        <\/div>                                <\/a>      <\/div>            <div class=\"bwg-item\">        <a class=\"bwg-a bwg_lightbox\"  data-image-id=\"67\" href=\"https:\/\/adabeachkas.com\/wp-content\/uploads\/photo-gallery\/ER0A5810.jpg?bwg=1655903423\" data-elementor-open-lightbox=\"no\" >                <div class=\"bwg-item0  lazy_loader \">          <div class=\"bwg-item1 \">            <div class=\"bwg-item2\">              <img class=\"skip-lazy bwg_standart_thumb_img_0  bwg_lazyload \"                   data-id=\"67\"                   data-width=\"439\"                   data-height=\"500\"                   data-original=\"https:\/\/adabeachkas.com\/wp-content\/uploads\/photo-gallery\/thumb\/ER0A5810.jpg?bwg=1655903423\"                   src=\"https:\/\/adabeachkas.com\/wp-content\/plugins\/photo-gallery\/images\/lazy_placeholder.gif\"                   alt=\"\" \/>            <\/div>            <div class=\"\">                                                      <\/div>          <\/div>        <\/div>                                <\/a>      <\/div>            <div class=\"bwg-item\">        <a class=\"bwg-a bwg_lightbox\"  data-image-id=\"65\" href=\"https:\/\/adabeachkas.com\/wp-content\/uploads\/photo-gallery\/ER0A5813.jpg?bwg=1655903395\" data-elementor-open-lightbox=\"no\" >                <div class=\"bwg-item0  lazy_loader \">          <div class=\"bwg-item1 \">            <div class=\"bwg-item2\">              <img class=\"skip-lazy bwg_standart_thumb_img_0  bwg_lazyload \"                   data-id=\"65\"                   data-width=\"500\"                   data-height=\"324\"                   data-original=\"https:\/\/adabeachkas.com\/wp-content\/uploads\/photo-gallery\/thumb\/ER0A5813.jpg?bwg=1655903395\"                   src=\"https:\/\/adabeachkas.com\/wp-content\/plugins\/photo-gallery\/images\/lazy_placeholder.gif\"                   alt=\"\" \/>            <\/div>            <div class=\"\">                                                      <\/div>          <\/div>        <\/div>                                <\/a>      <\/div>          <\/div>    <style>      \/*pagination styles*\/      #bwg_container1_0 #bwg_container2_0 .tablenav-pages_0 {      text-align: center;      font-size: 12px;      font-family: Ubuntu;      font-weight: bold;      color: #666666;      margin: 6px 0 4px;      display: block;      }      @media only screen and (max-width : 320px) {      #bwg_container1_0 #bwg_container2_0 .displaying-num_0 {      display: none;      }      }      #bwg_container1_0 #bwg_container2_0 .displaying-num_0 {      font-size: 12px;      font-family: Ubuntu;      font-weight: bold;      color: #666666;      margin-right: 10px;      vertical-align: middle;      }      #bwg_container1_0 #bwg_container2_0 .paging-input_0 {      font-size: 12px;      font-family: Ubuntu;      font-weight: bold;      color: #666666;      vertical-align: middle;      }      #bwg_container1_0 #bwg_container2_0 .tablenav-pages_0 a.disabled,      #bwg_container1_0 #bwg_container2_0 .tablenav-pages_0 a.disabled:hover,      #bwg_container1_0 #bwg_container2_0 .tablenav-pages_0 a.disabled:focus,\t\t\t#bwg_container1_0 #bwg_container2_0 .tablenav-pages_0 input.bwg_current_page {      cursor: default;      color: rgba(102, 102, 102, 0.5);      }      #bwg_container1_0 #bwg_container2_0 .tablenav-pages_0 a,      #bwg_container1_0 #bwg_container2_0 .tablenav-pages_0 input.bwg_current_page {      cursor: pointer;\t\t\t\ttext-align: center;      font-size: 12px;      font-family: Ubuntu;      font-weight: bold;      color: #666666;      text-decoration: none;      padding: 3px 6px;      margin: 0;      border-radius: 0;      border-style: solid;      border-width: 1px;      border-color: #E3E3E3;      background-color: #FFFFFF;      opacity: 1.00;      box-shadow: 0;      transition: all 0.3s ease 0s;-webkit-transition: all 0.3s ease 0s;      }      <\/style>      <span class=\"bwg_nav_cont_0\">              <div class=\"tablenav-pages_0\">                      <span class=\"pagination-links_0 pagination-links\" data-pages-count=\"6\">              <span class=\"pagination-links_col1\">              <a class=\"bwg-a first-page disabled\" title=\"\u0130lk sayfaya git\" >\u00ab<\/a>              <a class=\"bwg-a prev-page disabled\" title=\"\u00d6nceki sayfaya git\" >\u2039<\/a>              <\/span>               <span class=\"pagination-links_col2\">\t\t\t\t\t\t\t\t\t<input type=\"number\" class=\"bwg_current_page\" name=\"bwg_current_page\" value=\"1\" data-url-info=\"page_number_0\" onkeypress=\"return bwg_change_page_0(event, this)\" min=\"1\" oninput=\"validity.valid||(value='')\" \/>\t\t\t\t\t\t\t\t\t\taras\u0131nda                <span class=\"total-pages_0\">                  6                <\/span>               <\/span>              <span class=\"pagination-links_col3\">                <a class=\"bwg-a next-page-0\" title=\"Bir sonraki sayfaya gitmek\" href=\"\/index.php\/wp-json\/wp\/v2\/pages\/282?page_number_0=2\">\u203a<\/a>                <a class=\"bwg-a last-page-0\" title=\"Son sayfaya gidin\" href=\"\/index.php\/wp-json\/wp\/v2\/pages\/282?page_number_0=6\">\u00bb<\/a>              <\/span>              <\/span>                    <\/div>                <input type=\"hidden\" id=\"page_number_0\" name=\"page_number_0\" value=\"1\" \/>      <script type=\"text\/javascript\">        function spider_page_0(cur, x, y, load_more) {          if (typeof load_more == \"undefined\") {            var load_more = false;          }          if (jQuery(cur).hasClass('disabled')) {            return false;          }          var items_county_0 = 6;          switch (y) {            case 1:              if (x >= items_county_0) {                document.getElementById('page_number_0').value = items_county_0;              }              else {                document.getElementById('page_number_0').value = x + 1;              }              break;            case 2:              document.getElementById('page_number_0').value = items_county_0;              break;            case -1:              if (x == 1) {                document.getElementById('page_number_0').value = 1;              }              else {                document.getElementById('page_number_0').value = x - 1;              }              break;            case -2:              document.getElementById('page_number_0').value = 1;              break;\t\t\t\t\t\tcase 0:              document.getElementById('page_number_0').value = x;              break;            default:              document.getElementById('page_number_0').value = 1;          }          bwg_ajax('gal_front_form_0', '0', 'bwg_thumbnails_0', '0', '', 'gallery', 0, '', '', load_more, '', 1);        }                    jQuery('.first-page disabled').on('click', function () {              spider_page_0(this, 1, -2, 'numeric');              return false;            });            jQuery('.prev-page disabled').on('click', function () {              spider_page_0(this, 1, -1, 'numeric');              return false;            });            jQuery('.next-page-0').on('click', function () {              spider_page_0(this, 1, 1, 'numeric');              return false;            });            jQuery('.last-page-0').on('click', function () {              spider_page_0(this, 1, 2, 'numeric');              return false;            });        \t\t\t\t\/* Change page on input enter. *\/        function bwg_change_page_0( e, that ) {          if (  e.key == 'Enter' ) {            var to_page = parseInt(jQuery(that).val());            var pages_count = jQuery(that).parents(\".pagination-links\").data(\"pages-count\");            var current_url_param = jQuery(that).attr('data-url-info');            if (to_page > pages_count) {              to_page = 1;            }\t \t\t\t\t\t\t\t\t\t\t\t\tspider_page_0(this, to_page, 0, 'numeric');\t\t\t\t\t\t\treturn false;\t\t\t\t\t\t          }          return true;        }        jQuery('.bwg_load_btn_0').on('click', function () {            spider_page_0(this, 1, 1, true);            return false;        });      <\/script>      <\/span>                <\/div>        <\/form>          <style>          #bwg_container1_0 #bwg_container2_0 #spider_popup_overlay_0 {          background-color: #EEEEEE;          opacity: 0.60;          }          <\/style>        <div id=\"bwg_spider_popup_loading_0\" class=\"bwg_spider_popup_loading\"><\/div>        <div id=\"spider_popup_overlay_0\" class=\"spider_popup_overlay\" onclick=\"spider_destroypopup(1000)\"><\/div>        <input type=\"hidden\" id=\"bwg_random_seed_0\" value=\"2025888794\">                <\/div>    <\/div>    <script>      if (document.readyState === 'complete') {        if( typeof bwg_main_ready == 'function' ) {          if ( jQuery(\"#bwg_container1_0\").height() ) {            bwg_main_ready(jQuery(\"#bwg_container1_0\"));          }        }      } else {        document.addEventListener('DOMContentLoaded', function() {          if( typeof bwg_main_ready == 'function' ) {            if ( jQuery(\"#bwg_container1_0\").height() ) {             bwg_main_ready(jQuery(\"#bwg_container1_0\"));            }          }        });      }    <\/script>    \n<h4>Havuz Alan\u0131<\/h4>\n<p>Villa D\u00fcnyam, geni\u015f havuzu ve havuz ba\u015f\u0131 ekipmanlar\u0131 ile siz misafirlerimizin konforlu bir havuz deneyimi ya\u015famas\u0131 i\u00e7in tasarlanm\u0131\u015ft\u0131r.<\/p>\n<p>Bah\u00e7e k\u0131sm\u0131nda bulunan havuzumuz yan\u0131 s\u0131ra, kapal\u0131 size \u00f6zel s\u0131cak havuz ile keyifli bir tatil sizi bekliyor!<\/p>\n<p>Detaylar\u0131: 4 adet \u015fezlong, 1 adet \u015femsiye, Yemek masas\u0131.<\/p>\n<h4>Mutfak<\/h4>\n<p>Villa D\u00fcnyam&#8217;da mutfak b\u00f6l\u00fcm\u00fcm\u00fcz t\u00fcm ihtiyac\u0131n\u0131z\u0131 kar\u015f\u0131layacak niteliktedir.<\/p>\n<p>Detaylar\u0131: Buzdolab\u0131, bula\u015f\u0131k makinesi, Mutfak malzemeleri, Ocak, Su \u0131s\u0131t\u0131c\u0131, F\u0131r\u0131n<\/p>\n<h4>Salon<\/h4>\n<p>Rengarenk dekorasyonu ile Villa D\u00fcnyam salonu ve balkonlar\u0131 ile g\u00fcn\u00fcn her saatine uygun kullan\u0131m alanlar\u0131na sahiptir.<\/p>\n<p>Detaylar\u0131: Oturma grubu, sehpa, televizyon, tv \u00fcnitesi, yemek masas\u0131, balkon masa tak\u0131m\u0131<\/p>\n<h4>Yatak Odalar\u0131<\/h4>\n<p><strong>1.Yatak Odas\u0131:<\/strong> Suit, Aile Yatak Odas\u0131<\/p>\n<p>Detaylar\u0131 : \u00c7ift ki\u015filik yatak, Komodin, Klima, Elbise dolab\u0131, Makyaj masas\u0131, Ayna, Banyo ve Havuz teras\u0131na bakan balkon bulunmaktad\u0131r.<\/p>\n<p><strong>2.Yatak Odas\u0131:<\/strong> Suit, Gen\u00e7 Yatak Odas\u0131<\/p>\n<p>Detaylar\u0131 : 2 Adet tek ki\u015filik yatak, Komodin, Klima, Elbise dolab\u0131, Makyaj masas\u0131, Banyo ve Balkona \u00e7\u0131k\u0131\u015f bulunmaktad\u0131r.<\/p>\n<h3>Villa Extralar\u0131<\/h3>\n<p>Villa D\u00fcnyam bah\u00e7esinde, havuz ba\u015f\u0131 keyfinin yan\u0131nda \u00f6zel bah\u00e7e mobilyalar\u0131 ile barbek\u00fc bulunmaktad\u0131r.<\/p>\n<p>Villa D\u00fcnyam hakk\u0131nda daha detayl\u0131 bilgi almak ve rezervasyon yapmak i\u00e7in hemen rezervasyon yapabilir ya da bizi <a href=\"tel:\/\/+905326359010\">arayabilirsiniz<\/a>.<\/p>\n<p><strong>Havuz \u00d6l\u00e7\u00fcleri :<\/strong><br \/>\nBah\u00e7e havuzu: 3 m x 7 m Derinlik 1.60 m<br \/>\nKapal\u0131 s\u0131cak havuz: 2.50 m x 4.50 m Derinlik 1.60 m<\/p>\n<h3>\u0130leti\u015fim &amp; Rezervasyon:<\/h3>\n<p><a href=\"tel:\/\/+905326359010\">+90 532 635 90 10<\/a><br \/>\n<a href=\"tel:\/\/+905333558944\">+90 533 355 89 44<\/a><\/p>\n","protected":false},"excerpt":{"rendered":"<p>Villa D\u00fcnyam Villa D\u00fcnyam, en kaliteli malzemelerle dizayn edilmi\u015f, size \u00f6zel havuzu ve kapal\u0131 s\u0131cak havuzu, havuz ba\u015f\u0131nda barbek\u00fcs\u00fc, saunas\u0131 ve jakuzisi ile balay\u0131 \u00e7iftlerine de hitap eden 2 katl\u0131 bir l\u00fcks villad\u0131r. Havuz Alan\u0131 Villa D\u00fcnyam, geni\u015f havuzu ve havuz ba\u015f\u0131 ekipmanlar\u0131 ile siz misafirlerimizin konforlu bir havuz deneyimi ya\u015famas\u0131 i\u00e7in tasarlanm\u0131\u015ft\u0131r. Bah\u00e7e k\u0131sm\u0131nda &hellip; <\/p>\n<p class=\"link-more\"><a href=\"https:\/\/adabeachkas.com\/index.php\/villa-dunyam\/\" class=\"more-link\">Read more<span class=\"screen-reader-text\"> &#8220;Villa D\u00fcnyam&#8221;<\/span><\/a><\/p>\n","protected":false},"author":2,"featured_media":0,"parent":0,"menu_order":0,"comment_status":"closed","ping_status":"closed","template":"","meta":{"_mi_skip_tracking":false,"_monsterinsights_sitenote_active":false,"_monsterinsights_sitenote_note":"","_monsterinsights_sitenote_category":0},"_links":{"self":[{"href":"https:\/\/adabeachkas.com\/index.php\/wp-json\/wp\/v2\/pages\/282"}],"collection":[{"href":"https:\/\/adabeachkas.com\/index.php\/wp-json\/wp\/v2\/pages"}],"about":[{"href":"https:\/\/adabeachkas.com\/index.php\/wp-json\/wp\/v2\/types\/page"}],"author":[{"embeddable":true,"href":"https:\/\/adabeachkas.com\/index.php\/wp-json\/wp\/v2\/users\/2"}],"replies":[{"embeddable":true,"href":"https:\/\/adabeachkas.com\/index.php\/wp-json\/wp\/v2\/comments?post=282"}],"version-history":[{"count":11,"href":"https:\/\/adabeachkas.com\/index.php\/wp-json\/wp\/v2\/pages\/282\/revisions"}],"predecessor-version":[{"id":374,"href":"https:\/\/adabeachkas.com\/index.php\/wp-json\/wp\/v2\/pages\/282\/revisions\/374"}],"wp:attachment":[{"href":"https:\/\/adabeachkas.com\/index.php\/wp-json\/wp\/v2\/media?parent=282"}],"curies":[{"name":"wp","href":"https:\/\/api.w.org\/{rel}","templated":true}]}}